{"id":8,"date":"2018-05-10T08:34:12","date_gmt":"2018-05-10T08:34:12","guid":{"rendered":"http:\/\/www.sladkatecka.com\/?page_id=8"},"modified":"2019-09-17T20:09:56","modified_gmt":"2019-09-17T20:09:56","slug":"o-nas","status":"publish","type":"page","link":"https:\/\/www.sladkatecka.com\/index.php\/o-nas\/","title":{"rendered":"SLADK\u00c1 TE\u010cKA a jej\u00ed SLADK\u00c1 story"},"content":{"rendered":"<p>V roce 2012 vznikl m\u016fj prvn\u00ed narozeninov\u00fd dort\u00edk pro mou maminku. Byl propadl\u00fd, zdoben\u00fd cukrov\u00fdmi beru\u0161kami a kyti\u010dkami (t\u011bmi d\u011bsiv\u00fdmi, kter\u00e9 koup\u00edte v kdejak\u00e9m supermarketu :D). Nebyl dokonal\u00fd, ale d\u011blan\u00fd s l\u00e1skou a asi d\u00edky n\u011bmu to v\u0161echno za\u010dalo :). N\u00e1sledovaly dal\u0161\u00ed a dal\u0161\u00ed pokusy, na dal\u0161\u00ed a dal\u0161\u00ed narozeninov\u00e9 oslavy v rodin\u011b a v bl\u00edzk\u00e9m okol\u00ed. Silou soci\u00e1ln\u00edch s\u00edt\u00ed a podporou m\u00e9 rodiny a p\u0159\u00e1tel se za\u010dal tvo\u0159it neuv\u011b\u0159iteln\u00fd sen, kter\u00e9mu st\u00e1le nem\u016f\u017eu uv\u011b\u0159it. Dlouho jsem ale v\u00e1hala, zda se do toho pustit. Co kdy\u017e nebudou ostatn\u00edm m\u00e9 dobroty chutnat, nebudou se l\u00edbit, v\u017edy\u0165 je u\u017e tolik cukr\u00e1\u0159ek, ned\u011bl\u00e1m p\u0159eci nic origin\u00e1ln\u00edho atd. Absolvovala jsem n\u011bkolik \u0161kolen\u00ed, za\u0159\u00eddila v\u0161e pot\u0159ebn\u00e9 k zalo\u017een\u00ed \u017eivnosti a v roce 2015 vykoukla SLADK\u00c1 TE\u010cKA na sv\u011btlo sv\u011bta. Vystudovala jsem \u00fapln\u011b jin\u00fd obor a nikdy bych ne\u0159ekla, \u017ee se budu v \u017eivot\u011b ub\u00edrat t\u00edmto sm\u011brem. Tak\u017ee pokud i VY m\u00e1te n\u011bjak\u00fd kon\u00ed\u010dek, tak v\u011b\u0159te, \u017ee se z n\u011bj m\u016f\u017ee st\u00e1t va\u0161e pr\u00e1ce, kter\u00e1 v\u00e1s bude neskute\u010dn\u011b napl\u0148ovat a bavit. Nebojte se do toho pustit na plno, proto\u017ee pokud si budete \u0159\u00edkat, \u017ee to nevyjde, budete se toho b\u00e1t, tak v\u00e1s to nikdy nikam nekopne \ud83d\ude00 \u017dIJTE SI SV\u016eJ SEN a osla\u010fte si \u017eivot SLADKOU TE\u010cKOU \ud83d\ude09 ! Va\u0161e Terka<\/p>\n","protected":false},"excerpt":{"rendered":"<p>V roce 2012 vznikl m\u016fj prvn\u00ed narozeninov\u00fd dort\u00edk pro mou maminku. Byl propadl\u00fd, zdoben\u00fd cukrov\u00fdmi beru\u0161kami a kyti\u010dkami (t\u011bmi d\u011bsiv\u00fdmi, kter\u00e9 koup\u00edte v kdejak\u00e9m supermarketu :D). Nebyl dokonal\u00fd, ale d\u011blan\u00fd s l\u00e1skou a asi d\u00edky n\u011bmu to v\u0161echno za\u010dalo :). N\u00e1sledovaly dal\u0161\u00ed a dal\u0161\u00ed pokusy, na dal\u0161\u00ed a dal\u0161\u00ed narozeninov\u00e9 oslavy v rodin\u011b a v &hellip; <\/p>\n<p class=\"link-more\"><a href=\"https:\/\/www.sladkatecka.com\/index.php\/o-nas\/\" class=\"more-link\">Pokra\u010dovat ve \u010dten\u00ed<span class=\"screen-reader-text\"> &#8222;SLADK\u00c1 TE\u010cKA a jej\u00ed SLADK\u00c1 story&#8220;<\/span><\/a><\/p>\n","protected":false},"author":1,"featured_media":0,"parent":0,"menu_order":0,"comment_status":"closed","ping_status":"closed","template":"","meta":{"footnotes":""},"class_list":["post-8","page","type-page","status-publish","hentry"],"_links":{"self":[{"href":"https:\/\/www.sladkatecka.com\/index.php\/wp-json\/wp\/v2\/pages\/8","targetHints":{"allow":["GET"]}}],"collection":[{"href":"https:\/\/www.sladkatecka.com\/index.php\/wp-json\/wp\/v2\/pages"}],"about":[{"href":"https:\/\/www.sladkatecka.com\/index.php\/wp-json\/wp\/v2\/types\/page"}],"author":[{"embeddable":true,"href":"https:\/\/www.sladkatecka.com\/index.php\/wp-json\/wp\/v2\/users\/1"}],"replies":[{"embeddable":true,"href":"https:\/\/www.sladkatecka.com\/index.php\/wp-json\/wp\/v2\/comments?post=8"}],"version-history":[{"count":8,"href":"https:\/\/www.sladkatecka.com\/index.php\/wp-json\/wp\/v2\/pages\/8\/revisions"}],"predecessor-version":[{"id":1098,"href":"https:\/\/www.sladkatecka.com\/index.php\/wp-json\/wp\/v2\/pages\/8\/revisions\/1098"}],"wp:attachment":[{"href":"https:\/\/www.sladkatecka.com\/index.php\/wp-json\/wp\/v2\/media?parent=8"}],"curies":[{"name":"wp","href":"https:\/\/api.w.org\/{rel}","templated":true}]}}