{"id":68,"date":"2018-05-10T09:49:44","date_gmt":"2018-05-10T09:49:44","guid":{"rendered":"http:\/\/www.sladkatecka.com\/?page_id=68"},"modified":"2021-01-09T08:01:16","modified_gmt":"2021-01-09T08:01:16","slug":"vanocni-pernicky","status":"publish","type":"page","link":"https:\/\/www.sladkatecka.com\/index.php\/vanocni-pernicky\/","title":{"rendered":"Pern\u00ed\u010dky"},"content":{"rendered":"\n<p>P\u0159em\u00fd\u0161l\u00edte o mali\u010dkosti pro sv\u00e9 kolegy, p\u0159\u00e1tele nebo rodinu? Cht\u011bli byste ozdobit sv\u016fj st\u016fl, slavnostn\u00ed tabuli nebo strome\u010dek? Pak jsou pr\u00e1v\u011b pern\u00ed\u010dky, t\u00edm prav\u00fdm d\u00e1re\u010dkem \u010di ozdobou \ud83d\ude42<\/p>\n\n\n\n<p>Pern\u00ed\u010dky mohou b\u00fdt balen\u00e9 do d\u00e1rkov\u00e9 krabi\u010dky p\u0159ev\u00e1zan\u00e9 stu\u017ekou nebo do celof\u00e1nov\u00e9ho s\u00e1\u010dku s ma\u0161li\u010dkou. <\/p>\n\n\n\n<figure class=\"wp-block-gallery columns-3 is-cropped wp-block-gallery-1 is-layout-flex wp-block-gallery-is-layout-flex\"><ul class=\"blocks-gallery-grid\"><li class=\"blocks-gallery-item\"><figure><img loading=\"lazy\" decoding=\"async\" width=\"768\" height=\"1024\" src=\"https:\/\/www.sladkatecka.com\/wp-content\/uploads\/2020\/11\/IMG_20201101_203623-1-768x1024.jpg\" alt=\"\" data-id=\"1627\" data-full-url=\"https:\/\/www.sladkatecka.com\/wp-content\/uploads\/2020\/11\/IMG_20201101_203623-1-scaled.jpg\" data-link=\"https:\/\/www.sladkatecka.com\/index.php\/vanocni-pernicky\/seg_soft-7\/\" class=\"wp-image-1627\" srcset=\"https:\/\/www.sladkatecka.com\/wp-content\/uploads\/2020\/11\/IMG_20201101_203623-1-768x1024.jpg 768w, https:\/\/www.sladkatecka.com\/wp-content\/uploads\/2020\/11\/IMG_20201101_203623-1-225x300.jpg 225w, https:\/\/www.sladkatecka.com\/wp-content\/uploads\/2020\/11\/IMG_20201101_203623-1-1152x1536.jpg 1152w, https:\/\/www.sladkatecka.com\/wp-content\/uploads\/2020\/11\/IMG_20201101_203623-1-1536x2048.jpg 1536w, https:\/\/www.sladkatecka.com\/wp-content\/uploads\/2020\/11\/IMG_20201101_203623-1-scaled.jpg 1920w\" sizes=\"auto, (max-width: 767px) 89vw, (max-width: 1000px) 54vw, (max-width: 1071px) 543px, 580px\" \/><\/figure><\/li><li class=\"blocks-gallery-item\"><figure><img loading=\"lazy\" decoding=\"async\" width=\"768\" height=\"1024\" src=\"https:\/\/www.sladkatecka.com\/wp-content\/uploads\/2020\/11\/IMG_20201101_121020-1-768x1024.jpg\" alt=\"\" data-id=\"1626\" data-full-url=\"https:\/\/www.sladkatecka.com\/wp-content\/uploads\/2020\/11\/IMG_20201101_121020-1-scaled.jpg\" data-link=\"https:\/\/www.sladkatecka.com\/index.php\/vanocni-pernicky\/img_20201101_121020-1\/\" class=\"wp-image-1626\" srcset=\"https:\/\/www.sladkatecka.com\/wp-content\/uploads\/2020\/11\/IMG_20201101_121020-1-768x1024.jpg 768w, https:\/\/www.sladkatecka.com\/wp-content\/uploads\/2020\/11\/IMG_20201101_121020-1-225x300.jpg 225w, https:\/\/www.sladkatecka.com\/wp-content\/uploads\/2020\/11\/IMG_20201101_121020-1-1152x1536.jpg 1152w, https:\/\/www.sladkatecka.com\/wp-content\/uploads\/2020\/11\/IMG_20201101_121020-1-1536x2048.jpg 1536w, https:\/\/www.sladkatecka.com\/wp-content\/uploads\/2020\/11\/IMG_20201101_121020-1-scaled.jpg 1920w\" sizes=\"auto, (max-width: 767px) 89vw, (max-width: 1000px) 54vw, (max-width: 1071px) 543px, 580px\" \/><\/figure><\/li><li class=\"blocks-gallery-item\"><figure><img loading=\"lazy\" decoding=\"async\" width=\"768\" height=\"1024\" src=\"https:\/\/www.sladkatecka.com\/wp-content\/uploads\/2020\/11\/IMG_20201101_121122-2-768x1024.jpg\" alt=\"\" data-id=\"1625\" data-full-url=\"https:\/\/www.sladkatecka.com\/wp-content\/uploads\/2020\/11\/IMG_20201101_121122-2-scaled.jpg\" data-link=\"https:\/\/www.sladkatecka.com\/index.php\/vanocni-pernicky\/img_20201101_121122-2\/\" class=\"wp-image-1625\" srcset=\"https:\/\/www.sladkatecka.com\/wp-content\/uploads\/2020\/11\/IMG_20201101_121122-2-768x1024.jpg 768w, https:\/\/www.sladkatecka.com\/wp-content\/uploads\/2020\/11\/IMG_20201101_121122-2-225x300.jpg 225w, https:\/\/www.sladkatecka.com\/wp-content\/uploads\/2020\/11\/IMG_20201101_121122-2-1152x1536.jpg 1152w, https:\/\/www.sladkatecka.com\/wp-content\/uploads\/2020\/11\/IMG_20201101_121122-2-1536x2048.jpg 1536w, https:\/\/www.sladkatecka.com\/wp-content\/uploads\/2020\/11\/IMG_20201101_121122-2-scaled.jpg 1920w\" sizes=\"auto, (max-width: 767px) 89vw, (max-width: 1000px) 54vw, (max-width: 1071px) 543px, 580px\" \/><\/figure><\/li><li class=\"blocks-gallery-item\"><figure><img loading=\"lazy\" decoding=\"async\" width=\"1024\" height=\"1024\" src=\"https:\/\/www.sladkatecka.com\/wp-content\/uploads\/2020\/11\/IMG_20201102_081617_625-1-1024x1024.jpg\" alt=\"\" data-id=\"1630\" data-full-url=\"https:\/\/www.sladkatecka.com\/wp-content\/uploads\/2020\/11\/IMG_20201102_081617_625-1.jpg\" data-link=\"https:\/\/www.sladkatecka.com\/index.php\/vanocni-pernicky\/img_20201102_081617_625-1\/\" class=\"wp-image-1630\" srcset=\"https:\/\/www.sladkatecka.com\/wp-content\/uploads\/2020\/11\/IMG_20201102_081617_625-1-1024x1024.jpg 1024w, https:\/\/www.sladkatecka.com\/wp-content\/uploads\/2020\/11\/IMG_20201102_081617_625-1-300x300.jpg 300w, https:\/\/www.sladkatecka.com\/wp-content\/uploads\/2020\/11\/IMG_20201102_081617_625-1-150x150.jpg 150w, https:\/\/www.sladkatecka.com\/wp-content\/uploads\/2020\/11\/IMG_20201102_081617_625-1-768x768.jpg 768w, https:\/\/www.sladkatecka.com\/wp-content\/uploads\/2020\/11\/IMG_20201102_081617_625-1-100x100.jpg 100w, https:\/\/www.sladkatecka.com\/wp-content\/uploads\/2020\/11\/IMG_20201102_081617_625-1.jpg 1440w\" sizes=\"auto, (max-width: 767px) 89vw, (max-width: 1000px) 54vw, (max-width: 1071px) 543px, 580px\" \/><\/figure><\/li><\/ul><\/figure>\n\n\n\n<figure class=\"wp-block-image size-large\"><img loading=\"lazy\" decoding=\"async\" width=\"1024\" height=\"1024\" src=\"https:\/\/www.sladkatecka.com\/wp-content\/uploads\/2020\/11\/IMG_20201102_081617_610-1-1024x1024.jpg\" alt=\"\" class=\"wp-image-1632\" srcset=\"https:\/\/www.sladkatecka.com\/wp-content\/uploads\/2020\/11\/IMG_20201102_081617_610-1-1024x1024.jpg 1024w, https:\/\/www.sladkatecka.com\/wp-content\/uploads\/2020\/11\/IMG_20201102_081617_610-1-300x300.jpg 300w, https:\/\/www.sladkatecka.com\/wp-content\/uploads\/2020\/11\/IMG_20201102_081617_610-1-150x150.jpg 150w, https:\/\/www.sladkatecka.com\/wp-content\/uploads\/2020\/11\/IMG_20201102_081617_610-1-768x768.jpg 768w, https:\/\/www.sladkatecka.com\/wp-content\/uploads\/2020\/11\/IMG_20201102_081617_610-1-100x100.jpg 100w, https:\/\/www.sladkatecka.com\/wp-content\/uploads\/2020\/11\/IMG_20201102_081617_610-1.jpg 1440w\" sizes=\"auto, (max-width: 767px) 89vw, (max-width: 1000px) 54vw, (max-width: 1071px) 543px, 580px\" \/><\/figure>\n\n\n\n<figure class=\"wp-block-image size-large\"><img loading=\"lazy\" decoding=\"async\" width=\"768\" height=\"1024\" src=\"https:\/\/www.sladkatecka.com\/wp-content\/uploads\/2020\/11\/IMG_20201101_121616-1-768x1024.jpg\" alt=\"\" class=\"wp-image-1631\" srcset=\"https:\/\/www.sladkatecka.com\/wp-content\/uploads\/2020\/11\/IMG_20201101_121616-1-768x1024.jpg 768w, https:\/\/www.sladkatecka.com\/wp-content\/uploads\/2020\/11\/IMG_20201101_121616-1-225x300.jpg 225w, https:\/\/www.sladkatecka.com\/wp-content\/uploads\/2020\/11\/IMG_20201101_121616-1-1152x1536.jpg 1152w, https:\/\/www.sladkatecka.com\/wp-content\/uploads\/2020\/11\/IMG_20201101_121616-1-1536x2048.jpg 1536w, https:\/\/www.sladkatecka.com\/wp-content\/uploads\/2020\/11\/IMG_20201101_121616-1-scaled.jpg 1920w\" sizes=\"auto, (max-width: 767px) 89vw, (max-width: 1000px) 54vw, (max-width: 1071px) 543px, 580px\" \/><\/figure>\n\n\n\n<figure class=\"wp-block-image size-large\"><img loading=\"lazy\" decoding=\"async\" width=\"819\" height=\"1024\" src=\"https:\/\/www.sladkatecka.com\/wp-content\/uploads\/2020\/10\/IMG_20201023_103236_316-1-819x1024.jpg\" alt=\"\" class=\"wp-image-1580\" srcset=\"https:\/\/www.sladkatecka.com\/wp-content\/uploads\/2020\/10\/IMG_20201023_103236_316-1-819x1024.jpg 819w, https:\/\/www.sladkatecka.com\/wp-content\/uploads\/2020\/10\/IMG_20201023_103236_316-1-240x300.jpg 240w, https:\/\/www.sladkatecka.com\/wp-content\/uploads\/2020\/10\/IMG_20201023_103236_316-1-768x960.jpg 768w, https:\/\/www.sladkatecka.com\/wp-content\/uploads\/2020\/10\/IMG_20201023_103236_316-1-1229x1536.jpg 1229w, https:\/\/www.sladkatecka.com\/wp-content\/uploads\/2020\/10\/IMG_20201023_103236_316-1.jpg 1440w\" sizes=\"auto, (max-width: 767px) 89vw, (max-width: 1000px) 54vw, (max-width: 1071px) 543px, 580px\" \/><\/figure>\n\n\n\n<figure class=\"wp-block-image size-large\"><img loading=\"lazy\" decoding=\"async\" width=\"819\" height=\"1024\" src=\"https:\/\/www.sladkatecka.com\/wp-content\/uploads\/2020\/10\/IMG_20201023_103236_317-819x1024.jpg\" alt=\"\" class=\"wp-image-1583\" srcset=\"https:\/\/www.sladkatecka.com\/wp-content\/uploads\/2020\/10\/IMG_20201023_103236_317-819x1024.jpg 819w, https:\/\/www.sladkatecka.com\/wp-content\/uploads\/2020\/10\/IMG_20201023_103236_317-240x300.jpg 240w, https:\/\/www.sladkatecka.com\/wp-content\/uploads\/2020\/10\/IMG_20201023_103236_317-768x960.jpg 768w, https:\/\/www.sladkatecka.com\/wp-content\/uploads\/2020\/10\/IMG_20201023_103236_317-1229x1536.jpg 1229w, https:\/\/www.sladkatecka.com\/wp-content\/uploads\/2020\/10\/IMG_20201023_103236_317.jpg 1440w\" sizes=\"auto, (max-width: 767px) 89vw, (max-width: 1000px) 54vw, (max-width: 1071px) 543px, 580px\" \/><\/figure>\n\n\n\n<figure class=\"wp-block-image\"><img loading=\"lazy\" decoding=\"async\" width=\"819\" height=\"1024\" src=\"http:\/\/www.sladkatecka.com\/wp-content\/uploads\/2019\/05\/55492977_2296075210665752_5477730757365465088_o-1-819x1024.jpg\" alt=\"\" class=\"wp-image-933\" srcset=\"https:\/\/www.sladkatecka.com\/wp-content\/uploads\/2019\/05\/55492977_2296075210665752_5477730757365465088_o-1-819x1024.jpg 819w, https:\/\/www.sladkatecka.com\/wp-content\/uploads\/2019\/05\/55492977_2296075210665752_5477730757365465088_o-1-240x300.jpg 240w, https:\/\/www.sladkatecka.com\/wp-content\/uploads\/2019\/05\/55492977_2296075210665752_5477730757365465088_o-1-768x960.jpg 768w, https:\/\/www.sladkatecka.com\/wp-content\/uploads\/2019\/05\/55492977_2296075210665752_5477730757365465088_o-1.jpg 1080w\" sizes=\"auto, (max-width: 767px) 89vw, (max-width: 1000px) 54vw, (max-width: 1071px) 543px, 580px\" \/><\/figure>\n\n\n\n<figure class=\"wp-block-image\"><img loading=\"lazy\" decoding=\"async\" width=\"819\" height=\"1024\" src=\"http:\/\/www.sladkatecka.com\/wp-content\/uploads\/2019\/03\/54520226_2295131960760077_7351117637008490496_o-819x1024.jpg\" alt=\"\" class=\"wp-image-909\" srcset=\"https:\/\/www.sladkatecka.com\/wp-content\/uploads\/2019\/03\/54520226_2295131960760077_7351117637008490496_o-819x1024.jpg 819w, https:\/\/www.sladkatecka.com\/wp-content\/uploads\/2019\/03\/54520226_2295131960760077_7351117637008490496_o-240x300.jpg 240w, https:\/\/www.sladkatecka.com\/wp-content\/uploads\/2019\/03\/54520226_2295131960760077_7351117637008490496_o-768x960.jpg 768w, https:\/\/www.sladkatecka.com\/wp-content\/uploads\/2019\/03\/54520226_2295131960760077_7351117637008490496_o.jpg 1080w\" sizes=\"auto, (max-width: 767px) 89vw, (max-width: 1000px) 54vw, (max-width: 1071px) 543px, 580px\" \/><\/figure>\n\n\n<p><img loading=\"lazy\" decoding=\"async\" class=\"alignnone size-medium wp-image-348\" src=\"http:\/\/www.sladkatecka.com\/wp-content\/uploads\/2018\/05\/0001-4-300x300.jpg\" alt=\"\" width=\"300\" height=\"300\" srcset=\"https:\/\/www.sladkatecka.com\/wp-content\/uploads\/2018\/05\/0001-4-300x300.jpg 300w, https:\/\/www.sladkatecka.com\/wp-content\/uploads\/2018\/05\/0001-4-150x150.jpg 150w, https:\/\/www.sladkatecka.com\/wp-content\/uploads\/2018\/05\/0001-4-768x768.jpg 768w, https:\/\/www.sladkatecka.com\/wp-content\/uploads\/2018\/05\/0001-4-1024x1024.jpg 1024w, https:\/\/www.sladkatecka.com\/wp-content\/uploads\/2018\/05\/0001-4-100x100.jpg 100w, https:\/\/www.sladkatecka.com\/wp-content\/uploads\/2018\/05\/0001-4.jpg 1440w\" sizes=\"auto, (max-width: 300px) 100vw, 300px\" \/> <img loading=\"lazy\" decoding=\"async\" class=\"alignnone size-medium wp-image-349\" src=\"http:\/\/www.sladkatecka.com\/wp-content\/uploads\/2018\/05\/0002-4-300x300.jpg\" alt=\"\" width=\"300\" height=\"300\" srcset=\"https:\/\/www.sladkatecka.com\/wp-content\/uploads\/2018\/05\/0002-4-300x300.jpg 300w, https:\/\/www.sladkatecka.com\/wp-content\/uploads\/2018\/05\/0002-4-150x150.jpg 150w, https:\/\/www.sladkatecka.com\/wp-content\/uploads\/2018\/05\/0002-4-768x768.jpg 768w, https:\/\/www.sladkatecka.com\/wp-content\/uploads\/2018\/05\/0002-4-1024x1024.jpg 1024w, https:\/\/www.sladkatecka.com\/wp-content\/uploads\/2018\/05\/0002-4-100x100.jpg 100w, https:\/\/www.sladkatecka.com\/wp-content\/uploads\/2018\/05\/0002-4.jpg 1440w\" sizes=\"auto, (max-width: 300px) 100vw, 300px\" \/> <img loading=\"lazy\" decoding=\"async\" class=\"alignnone size-medium wp-image-350\" src=\"http:\/\/www.sladkatecka.com\/wp-content\/uploads\/2018\/05\/0003-4-225x300.jpg\" alt=\"\" width=\"225\" height=\"300\" srcset=\"https:\/\/www.sladkatecka.com\/wp-content\/uploads\/2018\/05\/0003-4-225x300.jpg 225w, https:\/\/www.sladkatecka.com\/wp-content\/uploads\/2018\/05\/0003-4.jpg 720w\" sizes=\"auto, (max-width: 225px) 100vw, 225px\" \/> <img loading=\"lazy\" decoding=\"async\" class=\"alignnone size-medium wp-image-351\" src=\"http:\/\/www.sladkatecka.com\/wp-content\/uploads\/2018\/05\/0004-4-199x300.jpg\" alt=\"\" width=\"199\" height=\"300\" srcset=\"https:\/\/www.sladkatecka.com\/wp-content\/uploads\/2018\/05\/0004-4-199x300.jpg 199w, https:\/\/www.sladkatecka.com\/wp-content\/uploads\/2018\/05\/0004-4.jpg 636w\" sizes=\"auto, (max-width: 199px) 100vw, 199px\" \/> <img loading=\"lazy\" decoding=\"async\" class=\"alignnone size-medium wp-image-352\" src=\"http:\/\/www.sladkatecka.com\/wp-content\/uploads\/2018\/05\/0005-4-240x300.jpg\" alt=\"\" width=\"240\" height=\"300\" srcset=\"https:\/\/www.sladkatecka.com\/wp-content\/uploads\/2018\/05\/0005-4-240x300.jpg 240w, https:\/\/www.sladkatecka.com\/wp-content\/uploads\/2018\/05\/0005-4-768x960.jpg 768w, https:\/\/www.sladkatecka.com\/wp-content\/uploads\/2018\/05\/0005-4-819x1024.jpg 819w, https:\/\/www.sladkatecka.com\/wp-content\/uploads\/2018\/05\/0005-4.jpg 1612w\" sizes=\"auto, (max-width: 240px) 100vw, 240px\" \/> <img loading=\"lazy\" decoding=\"async\" class=\"alignnone size-medium wp-image-353\" src=\"http:\/\/www.sladkatecka.com\/wp-content\/uploads\/2018\/05\/0006-4-300x225.jpg\" alt=\"\" width=\"300\" height=\"225\" srcset=\"https:\/\/www.sladkatecka.com\/wp-content\/uploads\/2018\/05\/0006-4-300x225.jpg 300w, https:\/\/www.sladkatecka.com\/wp-content\/uploads\/2018\/05\/0006-4-768x576.jpg 768w, https:\/\/www.sladkatecka.com\/wp-content\/uploads\/2018\/05\/0006-4-1024x768.jpg 1024w, https:\/\/www.sladkatecka.com\/wp-content\/uploads\/2018\/05\/0006-4.jpg 1440w\" sizes=\"auto, (max-width: 300px) 100vw, 300px\" \/> <img loading=\"lazy\" decoding=\"async\" class=\"alignnone size-medium wp-image-354\" src=\"http:\/\/www.sladkatecka.com\/wp-content\/uploads\/2018\/05\/0007-4-240x300.jpg\" alt=\"\" width=\"240\" height=\"300\" srcset=\"https:\/\/www.sladkatecka.com\/wp-content\/uploads\/2018\/05\/0007-4-240x300.jpg 240w, https:\/\/www.sladkatecka.com\/wp-content\/uploads\/2018\/05\/0007-4-768x960.jpg 768w, https:\/\/www.sladkatecka.com\/wp-content\/uploads\/2018\/05\/0007-4-819x1024.jpg 819w, https:\/\/www.sladkatecka.com\/wp-content\/uploads\/2018\/05\/0007-4.jpg 1612w\" sizes=\"auto, (max-width: 240px) 100vw, 240px\" \/> <img loading=\"lazy\" decoding=\"async\" class=\"alignnone size-medium wp-image-355\" src=\"http:\/\/www.sladkatecka.com\/wp-content\/uploads\/2018\/05\/0008-4-300x199.jpg\" alt=\"\" width=\"300\" height=\"199\" srcset=\"https:\/\/www.sladkatecka.com\/wp-content\/uploads\/2018\/05\/0008-4-300x199.jpg 300w, https:\/\/www.sladkatecka.com\/wp-content\/uploads\/2018\/05\/0008-4-768x509.jpg 768w, https:\/\/www.sladkatecka.com\/wp-content\/uploads\/2018\/05\/0008-4.jpg 960w\" sizes=\"auto, (max-width: 300px) 100vw, 300px\" \/> <img loading=\"lazy\" decoding=\"async\" class=\"alignnone size-medium wp-image-356\" src=\"http:\/\/www.sladkatecka.com\/wp-content\/uploads\/2018\/05\/0009-4-300x225.jpg\" alt=\"\" width=\"300\" height=\"225\" srcset=\"https:\/\/www.sladkatecka.com\/wp-content\/uploads\/2018\/05\/0009-4-300x225.jpg 300w, https:\/\/www.sladkatecka.com\/wp-content\/uploads\/2018\/05\/0009-4-768x576.jpg 768w, https:\/\/www.sladkatecka.com\/wp-content\/uploads\/2018\/05\/0009-4.jpg 960w\" sizes=\"auto, (max-width: 300px) 100vw, 300px\" \/> <img loading=\"lazy\" decoding=\"async\" class=\"alignnone size-medium wp-image-357\" src=\"http:\/\/www.sladkatecka.com\/wp-content\/uploads\/2018\/05\/0010-4-300x300.jpg\" alt=\"\" width=\"300\" height=\"300\" srcset=\"https:\/\/www.sladkatecka.com\/wp-content\/uploads\/2018\/05\/0010-4-300x300.jpg 300w, https:\/\/www.sladkatecka.com\/wp-content\/uploads\/2018\/05\/0010-4-150x150.jpg 150w, https:\/\/www.sladkatecka.com\/wp-content\/uploads\/2018\/05\/0010-4-768x768.jpg 768w, https:\/\/www.sladkatecka.com\/wp-content\/uploads\/2018\/05\/0010-4-100x100.jpg 100w, https:\/\/www.sladkatecka.com\/wp-content\/uploads\/2018\/05\/0010-4.jpg 960w\" sizes=\"auto, (max-width: 300px) 100vw, 300px\" \/> <img loading=\"lazy\" decoding=\"async\" class=\"alignnone size-medium wp-image-358\" src=\"http:\/\/www.sladkatecka.com\/wp-content\/uploads\/2018\/05\/0011-4-300x300.jpg\" alt=\"\" width=\"300\" height=\"300\" srcset=\"https:\/\/www.sladkatecka.com\/wp-content\/uploads\/2018\/05\/0011-4-300x300.jpg 300w, https:\/\/www.sladkatecka.com\/wp-content\/uploads\/2018\/05\/0011-4-150x150.jpg 150w, https:\/\/www.sladkatecka.com\/wp-content\/uploads\/2018\/05\/0011-4-100x100.jpg 100w, https:\/\/www.sladkatecka.com\/wp-content\/uploads\/2018\/05\/0011-4.jpg 720w\" sizes=\"auto, (max-width: 300px) 100vw, 300px\" \/> <img loading=\"lazy\" decoding=\"async\" class=\"alignnone size-medium wp-image-359\" src=\"http:\/\/www.sladkatecka.com\/wp-content\/uploads\/2018\/05\/0012-4-300x300.jpg\" alt=\"\" width=\"300\" height=\"300\" srcset=\"https:\/\/www.sladkatecka.com\/wp-content\/uploads\/2018\/05\/0012-4-300x300.jpg 300w, https:\/\/www.sladkatecka.com\/wp-content\/uploads\/2018\/05\/0012-4-150x150.jpg 150w, https:\/\/www.sladkatecka.com\/wp-content\/uploads\/2018\/05\/0012-4-100x100.jpg 100w, https:\/\/www.sladkatecka.com\/wp-content\/uploads\/2018\/05\/0012-4.jpg 720w\" sizes=\"auto, (max-width: 300px) 100vw, 300px\" \/> <img loading=\"lazy\" decoding=\"async\" class=\"alignnone size-medium wp-image-360\" src=\"http:\/\/www.sladkatecka.com\/wp-content\/uploads\/2018\/05\/0013-4-300x300.jpg\" alt=\"\" width=\"300\" height=\"300\" srcset=\"https:\/\/www.sladkatecka.com\/wp-content\/uploads\/2018\/05\/0013-4-300x300.jpg 300w, https:\/\/www.sladkatecka.com\/wp-content\/uploads\/2018\/05\/0013-4-150x150.jpg 150w, https:\/\/www.sladkatecka.com\/wp-content\/uploads\/2018\/05\/0013-4-100x100.jpg 100w, https:\/\/www.sladkatecka.com\/wp-content\/uploads\/2018\/05\/0013-4.jpg 720w\" sizes=\"auto, (max-width: 300px) 100vw, 300px\" \/><\/p>","protected":false},"excerpt":{"rendered":"<p>P\u0159em\u00fd\u0161l\u00edte o mali\u010dkosti pro sv\u00e9 kolegy, p\u0159\u00e1tele nebo rodinu? Cht\u011bli byste ozdobit sv\u016fj st\u016fl, slavnostn\u00ed tabuli nebo strome\u010dek? Pak jsou pr\u00e1v\u011b pern\u00ed\u010dky, t\u00edm prav\u00fdm d\u00e1re\u010dkem \u010di ozdobou \ud83d\ude42 Pern\u00ed\u010dky mohou b\u00fdt balen\u00e9 do d\u00e1rkov\u00e9 krabi\u010dky p\u0159ev\u00e1zan\u00e9 stu\u017ekou nebo do celof\u00e1nov\u00e9ho s\u00e1\u010dku s ma\u0161li\u010dkou.<\/p>\n","protected":false},"author":1,"featured_media":0,"parent":0,"menu_order":0,"comment_status":"closed","ping_status":"closed","template":"","meta":{"footnotes":""},"class_list":["post-68","page","type-page","status-publish","hentry"],"_links":{"self":[{"href":"https:\/\/www.sladkatecka.com\/index.php\/wp-json\/wp\/v2\/pages\/68","targetHints":{"allow":["GET"]}}],"collection":[{"href":"https:\/\/www.sladkatecka.com\/index.php\/wp-json\/wp\/v2\/pages"}],"about":[{"href":"https:\/\/www.sladkatecka.com\/index.php\/wp-json\/wp\/v2\/types\/page"}],"author":[{"embeddable":true,"href":"https:\/\/www.sladkatecka.com\/index.php\/wp-json\/wp\/v2\/users\/1"}],"replies":[{"embeddable":true,"href":"https:\/\/www.sladkatecka.com\/index.php\/wp-json\/wp\/v2\/comments?post=68"}],"version-history":[{"count":14,"href":"https:\/\/www.sladkatecka.com\/index.php\/wp-json\/wp\/v2\/pages\/68\/revisions"}],"predecessor-version":[{"id":1767,"href":"https:\/\/www.sladkatecka.com\/index.php\/wp-json\/wp\/v2\/pages\/68\/revisions\/1767"}],"wp:attachment":[{"href":"https:\/\/www.sladkatecka.com\/index.php\/wp-json\/wp\/v2\/media?parent=68"}],"curies":[{"name":"wp","href":"https:\/\/api.w.org\/{rel}","templated":true}]}}