{"id":450,"date":"2018-05-14T08:36:48","date_gmt":"2018-05-14T08:36:48","guid":{"rendered":"http:\/\/www.sladkatecka.com\/?page_id=450"},"modified":"2020-03-10T13:28:47","modified_gmt":"2020-03-10T13:28:47","slug":"sladka-videa","status":"publish","type":"page","link":"https:\/\/www.sladkatecka.com\/index.php\/sladka-videa\/","title":{"rendered":"Sladk\u00e1 videa"},"content":{"rendered":"<div style=\"width: 525px;\" class=\"wp-video\"><video class=\"wp-video-shortcode\" id=\"video-450-1\" width=\"525\" height=\"656\" preload=\"metadata\" controls=\"controls\"><source type=\"video\/mp4\" src=\"http:\/\/www.sladkatecka.com\/wp-content\/uploads\/2018\/05\/zasn\u011b\u017een\u00e1-RE.mp4?_=1\" \/><a href=\"http:\/\/www.sladkatecka.com\/wp-content\/uploads\/2018\/05\/zasn\u011b\u017een\u00e1-RE.mp4\">http:\/\/www.sladkatecka.com\/wp-content\/uploads\/2018\/05\/zasn\u011b\u017een\u00e1-RE.mp4<\/a><\/video><\/div>\n<div style=\"width: 525px;\" class=\"wp-video\"><video class=\"wp-video-shortcode\" id=\"video-450-2\" width=\"525\" height=\"525\" preload=\"metadata\" controls=\"controls\"><source type=\"video\/mp4\" src=\"http:\/\/www.sladkatecka.com\/wp-content\/uploads\/2018\/05\/sweetbar.mp4?_=2\" \/><a href=\"http:\/\/www.sladkatecka.com\/wp-content\/uploads\/2018\/05\/sweetbar.mp4\">http:\/\/www.sladkatecka.com\/wp-content\/uploads\/2018\/05\/sweetbar.mp4<\/a><\/video><\/div>\n<div style=\"width: 525px;\" class=\"wp-video\"><video class=\"wp-video-shortcode\" id=\"video-450-3\" width=\"525\" height=\"656\" preload=\"metadata\" controls=\"controls\"><source type=\"video\/mp4\" src=\"http:\/\/www.sladkatecka.com\/wp-content\/uploads\/2018\/05\/superhrdinov\u00e9.mp4?_=3\" \/><a href=\"http:\/\/www.sladkatecka.com\/wp-content\/uploads\/2018\/05\/superhrdinov\u00e9.mp4\">http:\/\/www.sladkatecka.com\/wp-content\/uploads\/2018\/05\/superhrdinov\u00e9.mp4<\/a><\/video><\/div>\n<div style=\"width: 525px;\" class=\"wp-video\"><video class=\"wp-video-shortcode\" id=\"video-450-4\" width=\"525\" height=\"525\" preload=\"metadata\" controls=\"controls\"><source type=\"video\/mp4\" src=\"http:\/\/www.sladkatecka.com\/wp-content\/uploads\/2018\/05\/narozeninov\u00fd-sweetbar.mp4?_=4\" \/><a href=\"http:\/\/www.sladkatecka.com\/wp-content\/uploads\/2018\/05\/narozeninov\u00fd-sweetbar.mp4\">http:\/\/www.sladkatecka.com\/wp-content\/uploads\/2018\/05\/narozeninov\u00fd-sweetbar.mp4<\/a><\/video><\/div>\n<div style=\"width: 525px;\" class=\"wp-video\"><video class=\"wp-video-shortcode\" id=\"video-450-5\" width=\"525\" height=\"656\" preload=\"metadata\" controls=\"controls\"><source type=\"video\/mp4\" src=\"http:\/\/www.sladkatecka.com\/wp-content\/uploads\/2018\/05\/\u010dasopis-T\u00e9ma.mp4?_=5\" \/><a href=\"http:\/\/www.sladkatecka.com\/wp-content\/uploads\/2018\/05\/\u010dasopis-T\u00e9ma.mp4\">http:\/\/www.sladkatecka.com\/wp-content\/uploads\/2018\/05\/\u010dasopis-T\u00e9ma.mp4<\/a><\/video><\/div>\n<div style=\"width: 525px;\" class=\"wp-video\"><video class=\"wp-video-shortcode\" id=\"video-450-6\" width=\"525\" height=\"525\" preload=\"metadata\" controls=\"controls\"><source type=\"video\/mp4\" src=\"http:\/\/www.sladkatecka.com\/wp-content\/uploads\/2018\/05\/cukrov\u00e1-r\u016f\u017ei\u010dka.mp4?_=6\" \/><a href=\"http:\/\/www.sladkatecka.com\/wp-content\/uploads\/2018\/05\/cukrov\u00e1-r\u016f\u017ei\u010dka.mp4\">http:\/\/www.sladkatecka.com\/wp-content\/uploads\/2018\/05\/cukrov\u00e1-r\u016f\u017ei\u010dka.mp4<\/a><\/video><\/div>\n<div style=\"width: 525px;\" class=\"wp-video\"><video class=\"wp-video-shortcode\" id=\"video-450-7\" width=\"525\" height=\"656\" preload=\"metadata\" controls=\"controls\"><source type=\"video\/mp4\" src=\"http:\/\/www.sladkatecka.com\/wp-content\/uploads\/2018\/05\/23598829_773537889515481_4242455711579111424_n.mp4?_=7\" \/><a href=\"http:\/\/www.sladkatecka.com\/wp-content\/uploads\/2018\/05\/23598829_773537889515481_4242455711579111424_n.mp4\">http:\/\/www.sladkatecka.com\/wp-content\/uploads\/2018\/05\/23598829_773537889515481_4242455711579111424_n.mp4<\/a><\/video><\/div>\n<div style=\"width: 525px;\" class=\"wp-video\"><video class=\"wp-video-shortcode\" id=\"video-450-8\" width=\"525\" height=\"525\" preload=\"metadata\" controls=\"controls\"><source type=\"video\/mp4\" src=\"http:\/\/www.sladkatecka.com\/wp-content\/uploads\/2018\/05\/23685846_2065697177050064_5421497308904685568_n.mp4?_=8\" \/><a href=\"http:\/\/www.sladkatecka.com\/wp-content\/uploads\/2018\/05\/23685846_2065697177050064_5421497308904685568_n.mp4\">http:\/\/www.sladkatecka.com\/wp-content\/uploads\/2018\/05\/23685846_2065697177050064_5421497308904685568_n.mp4<\/a><\/video><\/div>\n\n\n<figure class=\"wp-block-audio\"><audio controls src=\"http:\/\/www.sladkatecka.com\/wp-content\/uploads\/2020\/03\/SVID_20200214_113529_1-1.mp4\"><\/audio><\/figure>\n\n\n\n<figure class=\"wp-block-audio\"><audio controls src=\"http:\/\/www.sladkatecka.com\/wp-content\/uploads\/2020\/03\/VID_20200214_124455-1.mp4\"><\/audio><\/figure>\n","protected":false},"excerpt":{"rendered":"","protected":false},"author":1,"featured_media":0,"parent":0,"menu_order":0,"comment_status":"closed","ping_status":"closed","template":"","meta":{"footnotes":""},"class_list":["post-450","page","type-page","status-publish","hentry"],"_links":{"self":[{"href":"https:\/\/www.sladkatecka.com\/index.php\/wp-json\/wp\/v2\/pages\/450","targetHints":{"allow":["GET"]}}],"collection":[{"href":"https:\/\/www.sladkatecka.com\/index.php\/wp-json\/wp\/v2\/pages"}],"about":[{"href":"https:\/\/www.sladkatecka.com\/index.php\/wp-json\/wp\/v2\/types\/page"}],"author":[{"embeddable":true,"href":"https:\/\/www.sladkatecka.com\/index.php\/wp-json\/wp\/v2\/users\/1"}],"replies":[{"embeddable":true,"href":"https:\/\/www.sladkatecka.com\/index.php\/wp-json\/wp\/v2\/comments?post=450"}],"version-history":[{"count":2,"href":"https:\/\/www.sladkatecka.com\/index.php\/wp-json\/wp\/v2\/pages\/450\/revisions"}],"predecessor-version":[{"id":1210,"href":"https:\/\/www.sladkatecka.com\/index.php\/wp-json\/wp\/v2\/pages\/450\/revisions\/1210"}],"wp:attachment":[{"href":"https:\/\/www.sladkatecka.com\/index.php\/wp-json\/wp\/v2\/media?parent=450"}],"curies":[{"name":"wp","href":"https:\/\/api.w.org\/{rel}","templated":true}]}}