{"id":2804,"date":"2026-02-07T09:54:50","date_gmt":"2026-02-07T09:54:50","guid":{"rendered":"https:\/\/www.sladkatecka.com\/?page_id=2804"},"modified":"2026-02-07T09:54:50","modified_gmt":"2026-02-07T09:54:50","slug":"fyziomove-15let-a-vice","status":"publish","type":"page","link":"https:\/\/www.sladkatecka.com\/index.php\/fyziomove-15let-a-vice\/","title":{"rendered":"Fyziomove (15let a v\u00edce)"},"content":{"rendered":"\n<p><\/p>\n\n\n\n<p>Jak se \u0159\u00edk\u00e1, ve zdrav\u00e9m t\u011ble zdrav\u00fd duch. Zdrav\u00ed je dar a proto bychom o n\u011bj m\u011bli, co nejv\u00edce pe\u010dovat a h\u00fd\u010dkat ho. Vhodn\u00e1 strava, spr\u00e1vn\u00fd sp\u00e1nkov\u00fd re\u017eim a zdrav\u00fd pohyb, to jsou ty nejlep\u0161\u00ed kl\u00ed\u010de k \u00fasp\u011bchu.<\/p>\n\n\n\n<p>Poj\u010fte se mnou jeden z t\u011bchto kl\u00ed\u010d\u016f, co nejv\u00edce odhalit. Nau\u010d\u00edme se spr\u00e1vn\u011b d\u00fdchat, stabilizovat trup, propojit hlavu\/hrudn\u00edk\/p\u00e1nev, pe\u010dovat o svaly, aby byly hladk\u00e9 jako hedv\u00e1b\u00ed aj.<\/p>\n\n\n\n<p><strong>Co s sebou<\/strong>:<\/p>\n\n\n\n<ul class=\"wp-block-list\">\n<li>Pohodln\u00e9 oble\u010den\u00ed<\/li>\n\n\n\n<li>Ru\u010dn\u00edk<\/li>\n\n\n\n<li>Pit\u00ed<\/li>\n<\/ul>\n\n\n\n<p><strong>Kdy<\/strong>:<\/p>\n\n\n\n<ul class=\"wp-block-list\">\n<li>Ka\u017edou st\u0159edu od 18hod<\/li>\n\n\n\n<li>V korun\u00e1ch strom\u016f, V str\u00e1ni 485, Praha 5, Ko\u0161\u00ed\u0159e<\/li>\n\n\n\n<li>Lekce trv\u00e1 55min<\/li>\n<\/ul>\n\n\n\n<p><strong>Cena<\/strong>:<\/p>\n\n\n\n<ul class=\"wp-block-list\">\n<li>3021,-\/pololet\u00ed\/18 lekc\u00ed<\/li>\n\n\n\n<li>Lekce neprob\u00edhaj\u00ed v obdob\u00ed pr\u00e1zdnin pro Prahu 5 a ve sv\u00e1tky<\/li>\n\n\n\n<li>Po p\u0159edchoz\u00ed domluv\u011b je mo\u017en\u00fd jednor\u00e1zov\u00fd vstup \u2013 210,-\/lekci<\/li>\n\n\n\n<li>1. pololet\u00ed 16.9.2025 &#8211; 3.2.2026<\/li>\n\n\n\n<li>2. pololet\u00ed 10.2. &#8211; 16.6.2026<\/li>\n\n\n\n<li>Lekce se otev\u0159e p\u0159i min. po\u010dtu 5 osob<\/li>\n<\/ul>\n","protected":false},"excerpt":{"rendered":"<p>Jak se \u0159\u00edk\u00e1, ve zdrav\u00e9m t\u011ble zdrav\u00fd duch. Zdrav\u00ed je dar a proto bychom o n\u011bj m\u011bli, co nejv\u00edce pe\u010dovat a h\u00fd\u010dkat ho. Vhodn\u00e1 strava, spr\u00e1vn\u00fd sp\u00e1nkov\u00fd re\u017eim a zdrav\u00fd pohyb, to jsou ty nejlep\u0161\u00ed kl\u00ed\u010de k \u00fasp\u011bchu. Poj\u010fte se mnou jeden z t\u011bchto kl\u00ed\u010d\u016f, co nejv\u00edce odhalit. Nau\u010d\u00edme se spr\u00e1vn\u011b d\u00fdchat, stabilizovat trup, propojit &hellip; <\/p>\n<p class=\"link-more\"><a href=\"https:\/\/www.sladkatecka.com\/index.php\/fyziomove-15let-a-vice\/\" class=\"more-link\">Pokra\u010dovat ve \u010dten\u00ed<span class=\"screen-reader-text\"> &#8222;Fyziomove (15let a v\u00edce)&#8220;<\/span><\/a><\/p>\n","protected":false},"author":1,"featured_media":0,"parent":0,"menu_order":0,"comment_status":"closed","ping_status":"closed","template":"","meta":{"footnotes":""},"class_list":["post-2804","page","type-page","status-publish","hentry"],"_links":{"self":[{"href":"https:\/\/www.sladkatecka.com\/index.php\/wp-json\/wp\/v2\/pages\/2804","targetHints":{"allow":["GET"]}}],"collection":[{"href":"https:\/\/www.sladkatecka.com\/index.php\/wp-json\/wp\/v2\/pages"}],"about":[{"href":"https:\/\/www.sladkatecka.com\/index.php\/wp-json\/wp\/v2\/types\/page"}],"author":[{"embeddable":true,"href":"https:\/\/www.sladkatecka.com\/index.php\/wp-json\/wp\/v2\/users\/1"}],"replies":[{"embeddable":true,"href":"https:\/\/www.sladkatecka.com\/index.php\/wp-json\/wp\/v2\/comments?post=2804"}],"version-history":[{"count":1,"href":"https:\/\/www.sladkatecka.com\/index.php\/wp-json\/wp\/v2\/pages\/2804\/revisions"}],"predecessor-version":[{"id":2807,"href":"https:\/\/www.sladkatecka.com\/index.php\/wp-json\/wp\/v2\/pages\/2804\/revisions\/2807"}],"wp:attachment":[{"href":"https:\/\/www.sladkatecka.com\/index.php\/wp-json\/wp\/v2\/media?parent=2804"}],"curies":[{"name":"wp","href":"https:\/\/api.w.org\/{rel}","templated":true}]}}